{"id":2,"date":"2025-07-15T10:34:51","date_gmt":"2025-07-15T10:34:51","guid":{"rendered":"https:\/\/aquafontis.ro\/?page_id=2"},"modified":"2025-07-29T11:10:23","modified_gmt":"2025-07-29T11:10:23","slug":"home","status":"publish","type":"page","link":"https:\/\/www.aquafontis.ro\/","title":{"rendered":"Home"},"content":{"rendered":"<div class=\"wpb-content-wrapper\"><p>[vc_row el_class=&#8221;home-section1&#8243;][vc_column][vc_raw_html css=&#8221;&#8221; el_class=&#8221;wpb_single_image&#8221;]JTNDaW1nJTIwc3JjJTNEJTIyaHR0cHMlM0ElMkYlMkZhcXVhZm9udGlzLnJvJTJGd3AtY29udGVudCUyRnRoZW1lcyUyRml0ZXhjbHVzaXYlMkZpbWFnZXMlMkZsYW5kaW5nLnN2ZyUyMiUyMCUyRiUzRQ==[\/vc_raw_html][\/vc_column][\/vc_row][vc_row el_class=&#8221;home-section2&#8243;][vc_column][vc_row_inner][vc_column_inner width=&#8221;1\/2&#8243;][vc_column_text css=&#8221;&#8221;]Aqua Fontis este o ap\u0103 de mas\u0103 extras\u0103 dintr-un foraj de ad\u00e2ncime medie din orizontul freatic Mosti\u0219tea, sursa F3, \u0218tef\u0103ne\u0219tii de Jos, Jud. Ilfov.<\/p>\n<p>Procesul nostru responsabil de tratare asigur\u0103 o ap\u0103 pur\u0103 \u0219i echilibrat\u0103, ideal\u0103 pentru hidratarea zilnic\u0103 a \u00eentregii familii.<\/p>\n<p>Pentru tine \u0219i cei dragi, zi de zi.[\/vc_column_text][\/vc_column_inner][vc_column_inner width=&#8221;1\/2&#8243;][vc_single_image image=&#8221;16&#8243; img_size=&#8221;full&#8221; alignment=&#8221;center&#8221; css=&#8221;&#8221;][\/vc_column_inner][\/vc_row_inner][\/vc_column][\/vc_row][vc_row el_class=&#8221;home-section3&#8243; css=&#8221;.vc_custom_1752576668545{background-image: url(https:\/\/aquafontis.ro\/wp-content\/uploads\/2025\/07\/uri_ifs___M_g5q3_uwvTcvGXHnBznA3AAn3W5BapydPtaA8kwt3yDg-1-1.webp?id=14) !important;}&#8221;][vc_column][vc_row_inner el_class=&#8221;home-section3-inner1&#8243;][vc_column_inner width=&#8221;1\/2&#8243;][vc_column_text css=&#8221;&#8221; el_class=&#8221;box1&#8243;]<\/p>\n<h3><strong>Tratare responsabil\u0103, f\u0103r\u0103 substante chimice straine<\/strong><\/h3>\n<p>Nu folosim clor sau al\u021bi agen\u021bi chimici care pot l\u0103sa reziduuri d\u0103un\u0103toare. Apa este dezinfectat\u0103 cu ozon, un oxidant natural \u0219i eficient, care men\u021bine prospe\u021bimea gustului \u0219i asigur\u0103 puritatea microbiologic\u0103.[\/vc_column_text][\/vc_column_inner][vc_column_inner width=&#8221;1\/2&#8243;][vc_column_text css=&#8221;&#8221; el_class=&#8221;box2&#8243;]<\/p>\n<h3><strong>Minerale esen\u021biale<\/strong><\/h3>\n<p>Spre deosebire apele complet osmozate, noi p\u0103str\u0103m o parte din mineralele naturale pentru un gust pl\u0103cut, echilibrat \u0219i beneficii reale pentru organism.[\/vc_column_text][\/vc_column_inner][\/vc_row_inner][vc_row_inner el_class=&#8221;home-section3-inner1&#8243;][vc_column_inner width=&#8221;1\/2&#8243;][vc_column_text css=&#8221;&#8221; el_class=&#8221;box3&#8243;]<\/p>\n<h3><strong>pH neutru, <\/strong><strong>ca \u00een natur\u0103<\/strong><\/h3>\n<p>Cu un pH de 7,2, Aqua Fontis are un caracter neutru, a\u0219a cum se reg\u0103se\u0219te la surs\u0103, potrivit pentru toate v\u00e2rstele \u0219i ideal pentru o hidratare bl\u00e2nd\u0103, zi de zi.[\/vc_column_text][\/vc_column_inner][vc_column_inner width=&#8221;1\/2&#8243;][vc_column_text css=&#8221;&#8221; el_class=&#8221;box4&#8243;]<\/p>\n<h3><strong>Duritate sc\u0103zut\u0103, <\/strong><strong>grij\u0103 pentru aparatele tale<\/strong><\/h3>\n<p>Con\u021binutul redus de calciu \u0219i magneziu \u00eenseamn\u0103 mai pu\u021bin calcar \u0219i o protec\u021bie mai bun\u0103<br \/>\npentru electrocasnicele tale.[\/vc_column_text][\/vc_column_inner][\/vc_row_inner][vc_column_text css=&#8221;&#8221; el_class=&#8221;text-center&#8221;]<\/p>\n<h2>Procesul nostru de purificare<br \/>\n\u00een 4 pa\u0219i simpli \u0219i siguri<\/h2>\n<p>[\/vc_column_text][vc_single_image image=&#8221;36&#8243; img_size=&#8221;full&#8221; alignment=&#8221;center&#8221; css=&#8221;&#8221; el_class=&#8221;separator-1&#8243;][vc_row_inner el_class=&#8221;home-section3-inner2&#8243;][vc_column_inner width=&#8221;1\/4&#8243;][vc_single_image image=&#8221;28&#8243; img_size=&#8221;full&#8221; alignment=&#8221;center&#8221; css=&#8221;&#8221;][vc_column_text css=&#8221;&#8221;]<\/p>\n<h3><strong>Filtrare mecanic\u0103<\/strong><\/h3>\n<p>Elimin\u0103 particulele mari, fierul \u0219i manganul cu un filtru natural de nisip de 25 microni.[\/vc_column_text][\/vc_column_inner][vc_column_inner width=&#8221;1\/4&#8243;][vc_single_image image=&#8221;30&#8243; img_size=&#8221;full&#8221; alignment=&#8221;center&#8221; css=&#8221;&#8221;][vc_column_text css=&#8221;&#8221;]<\/p>\n<h3><strong>Dedurizare<\/strong><\/h3>\n<p>Reduce con\u021binutul de calciu si magneziu pentru o utilizare confortabil\u0103 \u0219i sigur\u0103.[\/vc_column_text][\/vc_column_inner][vc_column_inner width=&#8221;1\/4&#8243;][vc_single_image image=&#8221;32&#8243; img_size=&#8221;full&#8221; alignment=&#8221;center&#8221; css=&#8221;&#8221;][vc_column_text css=&#8221;&#8221;]<\/p>\n<h3><strong>Osmoz\u0103 par\u021bial\u0103<\/strong><\/h3>\n<p>Elimin\u0103 contaminan\u021bii, dar p\u0103streaz\u0103 mineralele benefice pentru organism.[\/vc_column_text][\/vc_column_inner][vc_column_inner width=&#8221;1\/4&#8243;][vc_single_image image=&#8221;34&#8243; img_size=&#8221;full&#8221; alignment=&#8221;center&#8221; css=&#8221;&#8221;][vc_column_text css=&#8221;&#8221;]<\/p>\n<h3><strong>Tratare cu ozon<\/strong><\/h3>\n<p>Asigur\u0103 o ap\u0103 curat\u0103 din punct de vedere microbiologic, cu un gust proaspat si placut.[\/vc_column_text][\/vc_column_inner][\/vc_row_inner][\/vc_column][\/vc_row]<\/p>\n<\/div>","protected":false},"excerpt":{"rendered":"<p>[vc_row el_class=&#8221;home-section1&#8243;][vc_column][vc_raw_html css=&#8221;&#8221; el_class=&#8221;wpb_single_image&#8221;]JTNDaW1nJTIwc3JjJTNEJTIyaHR0cHMlM0ElMkYlMkZhcXVhZm9udGlzLnJvJTJGd3AtY29udGVudCUyRnRoZW1lcyUyRml0ZXhjbHVzaXYlMkZpbWFnZXMlMkZsYW5kaW5nLnN2ZyUyMiUyMCUyRiUzRQ==[\/vc_raw_html][\/vc_column][\/vc_row][vc_row el_class=&#8221;home-section2&#8243;][vc_column][vc_row_inner][vc_column_inner width=&#8221;1\/2&#8243;][vc_column_text css=&#8221;&#8221;]Aqua Fontis este o ap\u0103 de mas\u0103 extras\u0103 dintr-un foraj de ad\u00e2ncime medie din orizontul freatic Mosti\u0219tea, sursa F3, \u0218tef\u0103ne\u0219tii de Jos, Jud. Ilfov. Procesul nostru responsabil de tratare asigur\u0103 o ap\u0103 pur\u0103 \u0219i echilibrat\u0103, ideal\u0103 pentru hidratarea zilnic\u0103 a \u00eentregii familii. Pentru tine \u0219i cei dragi, zi de [&hellip;]<\/p>\n","protected":false},"author":1,"featured_media":0,"parent":0,"menu_order":0,"comment_status":"closed","ping_status":"open","template":"","meta":{"footnotes":""},"class_list":["post-2","page","type-page","status-publish","hentry"],"yoast_head":"<!-- This site is optimized with the Yoast SEO plugin v25.5 - https:\/\/yoast.com\/wordpress\/plugins\/seo\/ -->\n<title>Aqua Fontis<\/title>\n<meta name=\"robots\" content=\"index, follow, max-snippet:-1, max-image-preview:large, max-video-preview:-1\" \/>\n<link rel=\"canonical\" href=\"https:\/\/www.aquafontis.ro\/\" \/>\n<meta property=\"og:locale\" content=\"ro_RO\" \/>\n<meta property=\"og:type\" content=\"article\" \/>\n<meta property=\"og:title\" content=\"Aqua Fontis\" \/>\n<meta property=\"og:description\" content=\"Aqua Fontis este o ap\u0103 de mas\u0103 extras\u0103 dintr-un foraj de ad\u00e2ncime medie din orizontul freatic Mosti\u0219tea.\" \/>\n<meta property=\"og:url\" content=\"https:\/\/www.aquafontis.ro\/\" \/>\n<meta property=\"og:site_name\" content=\"Fontis\" \/>\n<meta property=\"article:modified_time\" content=\"2025-07-29T11:10:23+00:00\" \/>\n<meta name=\"twitter:card\" content=\"summary_large_image\" \/>\n<meta name=\"twitter:label1\" content=\"Timp estimat pentru citire\" \/>\n\t<meta name=\"twitter:data1\" content=\"3 minute\" \/>\n<script type=\"application\/ld+json\" class=\"yoast-schema-graph\">{\"@context\":\"https:\/\/schema.org\",\"@graph\":[{\"@type\":\"WebPage\",\"@id\":\"https:\/\/www.aquafontis.ro\/\",\"url\":\"https:\/\/www.aquafontis.ro\/\",\"name\":\"Aqua Fontis\",\"isPartOf\":{\"@id\":\"https:\/\/www.aquafontis.ro\/#website\"},\"datePublished\":\"2025-07-15T10:34:51+00:00\",\"dateModified\":\"2025-07-29T11:10:23+00:00\",\"description\":\"Aqua Fontis este o ap\u0103 de mas\u0103 extras\u0103 dintr-un foraj de ad\u00e2ncime medie din orizontul freatic Mosti\u0219tea.\",\"breadcrumb\":{\"@id\":\"https:\/\/www.aquafontis.ro\/#breadcrumb\"},\"inLanguage\":\"ro-RO\",\"potentialAction\":[{\"@type\":\"ReadAction\",\"target\":[\"https:\/\/www.aquafontis.ro\/\"]}]},{\"@type\":\"BreadcrumbList\",\"@id\":\"https:\/\/www.aquafontis.ro\/#breadcrumb\",\"itemListElement\":[{\"@type\":\"ListItem\",\"position\":1,\"name\":\"Prima pagin\u0103\",\"item\":\"https:\/\/www.aquafontis.ro\/\"},{\"@type\":\"ListItem\",\"position\":2,\"name\":\"Home\"}]},{\"@type\":\"WebSite\",\"@id\":\"https:\/\/www.aquafontis.ro\/#website\",\"url\":\"https:\/\/www.aquafontis.ro\/\",\"name\":\"Fontis\",\"description\":\"\",\"potentialAction\":[{\"@type\":\"SearchAction\",\"target\":{\"@type\":\"EntryPoint\",\"urlTemplate\":\"https:\/\/www.aquafontis.ro\/?s={search_term_string}\"},\"query-input\":{\"@type\":\"PropertyValueSpecification\",\"valueRequired\":true,\"valueName\":\"search_term_string\"}}],\"inLanguage\":\"ro-RO\"}]}<\/script>\n<!-- \/ Yoast SEO plugin. -->","yoast_head_json":{"title":"Aqua Fontis","robots":{"index":"index","follow":"follow","max-snippet":"max-snippet:-1","max-image-preview":"max-image-preview:large","max-video-preview":"max-video-preview:-1"},"canonical":"https:\/\/www.aquafontis.ro\/","og_locale":"ro_RO","og_type":"article","og_title":"Aqua Fontis","og_description":"Aqua Fontis este o ap\u0103 de mas\u0103 extras\u0103 dintr-un foraj de ad\u00e2ncime medie din orizontul freatic Mosti\u0219tea.","og_url":"https:\/\/www.aquafontis.ro\/","og_site_name":"Fontis","article_modified_time":"2025-07-29T11:10:23+00:00","twitter_card":"summary_large_image","twitter_misc":{"Timp estimat pentru citire":"3 minute"},"schema":{"@context":"https:\/\/schema.org","@graph":[{"@type":"WebPage","@id":"https:\/\/www.aquafontis.ro\/","url":"https:\/\/www.aquafontis.ro\/","name":"Aqua Fontis","isPartOf":{"@id":"https:\/\/www.aquafontis.ro\/#website"},"datePublished":"2025-07-15T10:34:51+00:00","dateModified":"2025-07-29T11:10:23+00:00","description":"Aqua Fontis este o ap\u0103 de mas\u0103 extras\u0103 dintr-un foraj de ad\u00e2ncime medie din orizontul freatic Mosti\u0219tea.","breadcrumb":{"@id":"https:\/\/www.aquafontis.ro\/#breadcrumb"},"inLanguage":"ro-RO","potentialAction":[{"@type":"ReadAction","target":["https:\/\/www.aquafontis.ro\/"]}]},{"@type":"BreadcrumbList","@id":"https:\/\/www.aquafontis.ro\/#breadcrumb","itemListElement":[{"@type":"ListItem","position":1,"name":"Prima pagin\u0103","item":"https:\/\/www.aquafontis.ro\/"},{"@type":"ListItem","position":2,"name":"Home"}]},{"@type":"WebSite","@id":"https:\/\/www.aquafontis.ro\/#website","url":"https:\/\/www.aquafontis.ro\/","name":"Fontis","description":"","potentialAction":[{"@type":"SearchAction","target":{"@type":"EntryPoint","urlTemplate":"https:\/\/www.aquafontis.ro\/?s={search_term_string}"},"query-input":{"@type":"PropertyValueSpecification","valueRequired":true,"valueName":"search_term_string"}}],"inLanguage":"ro-RO"}]}},"_links":{"self":[{"href":"https:\/\/www.aquafontis.ro\/index.php\/wp-json\/wp\/v2\/pages\/2","targetHints":{"allow":["GET"]}}],"collection":[{"href":"https:\/\/www.aquafontis.ro\/index.php\/wp-json\/wp\/v2\/pages"}],"about":[{"href":"https:\/\/www.aquafontis.ro\/index.php\/wp-json\/wp\/v2\/types\/page"}],"author":[{"embeddable":true,"href":"https:\/\/www.aquafontis.ro\/index.php\/wp-json\/wp\/v2\/users\/1"}],"replies":[{"embeddable":true,"href":"https:\/\/www.aquafontis.ro\/index.php\/wp-json\/wp\/v2\/comments?post=2"}],"version-history":[{"count":26,"href":"https:\/\/www.aquafontis.ro\/index.php\/wp-json\/wp\/v2\/pages\/2\/revisions"}],"predecessor-version":[{"id":45,"href":"https:\/\/www.aquafontis.ro\/index.php\/wp-json\/wp\/v2\/pages\/2\/revisions\/45"}],"wp:attachment":[{"href":"https:\/\/www.aquafontis.ro\/index.php\/wp-json\/wp\/v2\/media?parent=2"}],"curies":[{"name":"wp","href":"https:\/\/api.w.org\/{rel}","templated":true}]}}